{"id":8,"date":"2016-07-14T02:28:08","date_gmt":"2016-07-14T02:28:08","guid":{"rendered":"https:\/\/appefis.org\/pt\/?page_id=8"},"modified":"2023-05-05T10:17:30","modified_gmt":"2023-05-05T10:17:30","slug":"recursos","status":"publish","type":"page","link":"https:\/\/appefis.org\/pt\/recursos\/","title":{"rendered":"RECURSOS"},"content":{"rendered":"<p><div class=\"fusion-fullwidth fullwidth-box fusion-builder-row-1 fusion-flex-container nonhundred-percent-fullwidth non-hundred-percent-height-scrolling\" style=\"--awb-background-position:left top;--awb-border-sizes-top:0px;--awb-border-sizes-bottom:0px;--awb-border-sizes-left:0px;--awb-border-sizes-right:0px;--awb-border-radius-top-left:0px;--awb-border-radius-top-right:0px;--awb-border-radius-bottom-right:0px;--awb-border-radius-bottom-left:0px;--awb-padding-top:100px;--awb-padding-bottom:20px;\" id=\"our-work\" ><div class=\"fusion-builder-row fusion-row fusion-flex-align-items-stretch\" style=\"max-width:1216.8px;margin-left: calc(-4% \/ 2 );margin-right: calc(-4% \/ 2 );\"><div class=\"fusion-layout-column fusion_builder_column fusion-builder-column-0 fusion_builder_column_2_3 2_3 fusion-flex-column\" style=\"--awb-bg-blend:overlay;--awb-bg-size:cover;--awb-width-large:66.666666666667%;--awb-margin-top-large:0px;--awb-spacing-right-large:3.84%;--awb-margin-bottom-large:0px;--awb-spacing-left-large:2.88%;--awb-width-medium:100%;--awb-spacing-right-medium:1.92%;--awb-spacing-left-medium:1.92%;--awb-width-small:100%;--awb-spacing-right-small:1.92%;--awb-spacing-left-small:1.92%;\"><div class=\"fusion-column-wrapper fusion-flex-justify-content-center fusion-content-layout-column\"><div class=\"fusion-title title fusion-title-1 fusion-sep-none fusion-title-text fusion-title-size-two\" style=\"--awb-margin-top:10px;--awb-margin-bottom:20px;\"><h2 class=\"title-heading-left fusion-responsive-typography-calculated\" style=\"margin:0;text-transform:capitalize;--fontSize:60;line-height:var(--awb-typography1-line-height);\"><pre id=\"tw-target-text\" class=\"tw-data-text tw-text-large tw-ta\" dir=\"ltr\" data-placeholder=\"Tradu\u00e7\u00e3o\"><span class=\"Y2IQFc\" lang=\"pt\">Recursos<\/span><\/pre><\/h2><\/div><div class=\"fusion-text fusion-text-1\" style=\"--awb-font-size:var(--awb-typography2-font-size);--awb-line-height:var(--awb-typography2-line-height);--awb-letter-spacing:var(--awb-typography2-letter-spacing);--awb-text-transform:var(--awb-typography2-text-transform);--awb-text-font-family:var(--awb-typography2-font-family);--awb-text-font-weight:var(--awb-typography2-font-weight);--awb-text-font-style:var(--awb-typography2-font-style);\"><p><span style=\"font-weight: 400;\">Espa\u00e7o de partilha de recursos e de documenta\u00e7\u00e3o relevantes para o exerc\u00edcio de fun\u00e7\u00f5es de doc\u00eancia na Educa\u00e7\u00e3o F\u00edsica e no Desporto Escolar.<\/span><\/p>\n<\/div><div class=\"fusion-separator fusion-full-width-sep\" style=\"align-self: center;margin-left: auto;margin-right: auto;margin-top:5px;width:100%;\"><\/div><div class=\"fusion-separator fusion-full-width-sep\" style=\"align-self: center;margin-left: auto;margin-right: auto;margin-top:20px;width:100%;\"><\/div><\/div><\/div><div class=\"fusion-layout-column fusion_builder_column fusion-builder-column-1 fusion_builder_column_1_3 1_3 fusion-flex-column\" style=\"--awb-bg-blend:overlay;--awb-bg-size:cover;--awb-width-large:33.333333333333%;--awb-margin-top-large:0px;--awb-spacing-right-large:5.76%;--awb-margin-bottom-large:0px;--awb-spacing-left-large:3.84%;--awb-width-medium:100%;--awb-spacing-right-medium:1.92%;--awb-spacing-left-medium:1.92%;--awb-width-small:100%;--awb-spacing-right-small:1.92%;--awb-spacing-left-small:1.92%;\"><div class=\"fusion-column-wrapper fusion-flex-justify-content-center fusion-content-layout-column\"><div class=\"fusion-separator fusion-full-width-sep\" style=\"align-self: center;margin-left: auto;margin-right: auto;margin-top:1px;width:100%;\"><\/div><div class=\"fusion-image-element \" style=\"--awb-caption-title-font-family:var(--h2_typography-font-family);--awb-caption-title-font-weight:var(--h2_typography-font-weight);--awb-caption-title-font-style:var(--h2_typography-font-style);--awb-caption-title-size:var(--h2_typography-font-size);--awb-caption-title-transform:var(--h2_typography-text-transform);--awb-caption-title-line-height:var(--h2_typography-line-height);--awb-caption-title-letter-spacing:var(--h2_typography-letter-spacing);\"><span class=\" fusion-imageframe imageframe-none imageframe-1 hover-type-none\" class=\"image-magnify\" class=\"image-scroll\"><img decoding=\"async\" width=\"200\" height=\"283\" title=\"A4lp\" src=\"https:\/\/appefis.org\/pt\/wp-content\/uploads\/2023\/01\/A4lp-1.png\" data-orig-src=\"https:\/\/appefis.org\/pt\/wp-content\/uploads\/2023\/01\/A4lp-1-200x283.png\" alt class=\"lazyload img-responsive wp-image-1837\" srcset=\"data:image\/svg+xml,%3Csvg%20xmlns%3D%27http%3A%2F%2Fwww.w3.org%2F2000%2Fsvg%27%20width%3D%27596%27%20height%3D%27843%27%20viewBox%3D%270%200%20596%20843%27%3E%3Crect%20width%3D%27596%27%20height%3D%27843%27%20fill-opacity%3D%220%22%2F%3E%3C%2Fsvg%3E\" data-srcset=\"https:\/\/appefis.org\/pt\/wp-content\/uploads\/2023\/01\/A4lp-1-200x283.png 200w, https:\/\/appefis.org\/pt\/wp-content\/uploads\/2023\/01\/A4lp-1-400x566.png 400w, https:\/\/appefis.org\/pt\/wp-content\/uploads\/2023\/01\/A4lp-1.png 596w\" data-sizes=\"auto\" data-orig-sizes=\"(max-width: 1024px) 100vw, (max-width: 640px) 100vw, 400px\" \/><\/span><\/div><\/div><\/div><\/div><\/div><div class=\"fusion-fullwidth fullwidth-box fusion-builder-row-2 fusion-flex-container has-pattern-background has-mask-background nonhundred-percent-fullwidth non-hundred-percent-height-scrolling\" style=\"--awb-border-radius-top-left:0px;--awb-border-radius-top-right:0px;--awb-border-radius-bottom-right:0px;--awb-border-radius-bottom-left:0px;\" ><div class=\"fusion-builder-row fusion-row fusion-flex-align-items-flex-start\" style=\"max-width:1216.8px;margin-left: calc(-4% \/ 2 );margin-right: calc(-4% \/ 2 );\"><div class=\"fusion-layout-column fusion_builder_column fusion-builder-column-2 fusion_builder_column_1_1 1_1 fusion-flex-column\" style=\"--awb-bg-size:cover;--awb-width-large:100%;--awb-margin-top-large:0px;--awb-spacing-right-large:1.92%;--awb-margin-bottom-large:0px;--awb-spacing-left-large:1.92%;--awb-width-medium:100%;--awb-order-medium:0;--awb-spacing-right-medium:1.92%;--awb-spacing-left-medium:1.92%;--awb-width-small:100%;--awb-order-small:0;--awb-spacing-right-small:1.92%;--awb-spacing-left-small:1.92%;\"><div class=\"fusion-column-wrapper fusion-column-has-shadow fusion-flex-justify-content-flex-start fusion-content-layout-column\"><div class=\"fusion-tabs fusion-tabs-1 classic nav-is-justified horizontal-tabs icon-position-left mobile-mode-accordion\" style=\"--awb-title-border-radius-top-left:0px;--awb-title-border-radius-top-right:0px;--awb-title-border-radius-bottom-right:0px;--awb-title-border-radius-bottom-left:0px;--awb-title-font-size:var(--awb-typography4-font-size);--awb-alignment:start;--awb-inactive-color:var(--awb-color2);--awb-background-color:var(--awb-color1);--awb-border-color:var(--awb-color3);--awb-active-border-color:var(--awb-color5);\"><div class=\"nav\"><ul class=\"nav-tabs nav-justified\" role=\"tablist\"><li class=\"active\" role=\"presentation\"><a class=\"tab-link\" data-toggle=\"tab\" role=\"tab\" aria-controls=\"tab-d4a33e015b5daa75e1a\" aria-selected=\"true\" id=\"fusion-tab-ref.curricularesdaefede\" href=\"#tab-d4a33e015b5daa75e1a\"><h6 class=\"fusion-tab-heading\">Ref. Curriculares da EF e DE<\/h6><\/a><\/li><li role=\"presentation\"><a class=\"tab-link\" data-toggle=\"tab\" role=\"tab\" aria-controls=\"tab-cb853c5115ef0b138f5\" aria-selected=\"false\" tabindex=\"-1\" id=\"fusion-tab-produtoscient\u00edficos\" href=\"#tab-cb853c5115ef0b138f5\"><h6 class=\"fusion-tab-heading\">Produtos Cient\u00edficos<\/h6><\/a><\/li><li role=\"presentation\"><a class=\"tab-link\" data-toggle=\"tab\" role=\"tab\" aria-controls=\"tab-8322cd149c51aa899f1\" aria-selected=\"false\" tabindex=\"-1\" id=\"fusion-tab-pr\u00e1ticasinspiradoras\" href=\"#tab-8322cd149c51aa899f1\"><h6 class=\"fusion-tab-heading\">Pr\u00e1ticas Inspiradoras<\/h6><\/a><\/li><li role=\"presentation\"><a class=\"tab-link\" data-toggle=\"tab\" role=\"tab\" aria-controls=\"tab-785bec390aacd31c731\" aria-selected=\"false\" tabindex=\"-1\" id=\"fusion-tab-pr\u00e1ticaprofissional\" href=\"#tab-785bec390aacd31c731\"><h6 class=\"fusion-tab-heading\">Pr\u00e1tica Profissional<\/h6><\/a><\/li><\/ul><\/div><div class=\"tab-content\"><div class=\"nav fusion-mobile-tab-nav\"><ul class=\"nav-tabs nav-justified\" role=\"tablist\"><li class=\"active\" role=\"presentation\"><a class=\"tab-link\" data-toggle=\"tab\" role=\"tab\" aria-controls=\"tab-d4a33e015b5daa75e1a\" aria-selected=\"true\" id=\"mobile-fusion-tab-ref.curricularesdaefede\" href=\"#tab-d4a33e015b5daa75e1a\"><h6 class=\"fusion-tab-heading\">Ref. Curriculares da EF e DE<\/h6><\/a><\/li><\/ul><\/div><div class=\"tab-pane fade fusion-clearfix in active\" role=\"tabpanel\" tabindex=\"0\" aria-labelledby=\"fusion-tab-ref.curricularesdaefede\" id=\"tab-d4a33e015b5daa75e1a\">\n<h4 class=\"post-title\">Programas de Educa\u00e7\u00e3o F\u00edsica<\/h4>\n<p>A atual legisla\u00e7\u00e3o (abaixo elencada) revogou os anteriores Programas Nacionais. Mas estes, para a Appefis, n\u00e3o deixam de ter validade pr\u00e1tica, para o desenvolvimento da EF em cada escola e para o trabalho dos professores. \u00c9, com efeito, s\u00f3 nestes documentos que se encontram diversos t\u00f3picos essenciais a uma EF de qualidade.<\/p>\n<ul>\n<li>1.\u00ba Ciclo Ensino B\u00e1sico &#8211; Organiza\u00e7\u00e3o Curricular e Programas [<a href=\"https:\/\/appefis.org\/pt\/wp-content\/uploads\/2023\/02\/programa_1ceb.pdf\" target=\"_blank\" rel=\"noopener\"><img decoding=\"async\" class=\"lazyload alignnone size-full wp-image-1962\" src=\"data:image\/svg+xml,%3Csvg%20xmlns%3D%27http%3A%2F%2Fwww.w3.org%2F2000%2Fsvg%27%20width%3D%2748%27%20height%3D%2748%27%20viewBox%3D%270%200%2048%2048%27%3E%3Crect%20width%3D%2748%27%20height%3D%2748%27%20fill-opacity%3D%220%22%2F%3E%3C%2Fsvg%3E\" data-orig-src=\"https:\/\/appefis.org\/pt\/wp-content\/uploads\/2023\/01\/pdf2-icon.png\" alt=\"\" width=\"48\" height=\"48\" \/><\/a>]<\/li>\n<li>2.\u00ba Ciclo Ensino B\u00e1sico &#8211; Vol. I. &#8211; Organiza\u00e7\u00e3o Curricular e Programas [<a href=\"https:\/\/appefis.org\/pt\/wp-content\/uploads\/2023\/02\/programas_2_ceb.pdf\" target=\"_blank\" rel=\"noopener\"><img decoding=\"async\" class=\"lazyload alignnone size-full wp-image-1962\" src=\"data:image\/svg+xml,%3Csvg%20xmlns%3D%27http%3A%2F%2Fwww.w3.org%2F2000%2Fsvg%27%20width%3D%2748%27%20height%3D%2748%27%20viewBox%3D%270%200%2048%2048%27%3E%3Crect%20width%3D%2748%27%20height%3D%2748%27%20fill-opacity%3D%220%22%2F%3E%3C%2Fsvg%3E\" data-orig-src=\"https:\/\/appefis.org\/pt\/wp-content\/uploads\/2023\/01\/pdf2-icon.png\" alt=\"\" width=\"48\" height=\"48\" \/><\/a>]<\/li>\n<li>2.\u00ba Ciclo Ensino B\u00e1sico &#8211; Vol. II. &#8211; Organiza\u00e7\u00e3o Curricular e Programas [<a href=\"https:\/\/appefis.org\/pt\/wp-content\/uploads\/2023\/02\/programa_2_ceb_vol2.pdf\" target=\"_blank\" rel=\"noopener\"><img decoding=\"async\" class=\"lazyload alignnone size-full wp-image-1962\" src=\"data:image\/svg+xml,%3Csvg%20xmlns%3D%27http%3A%2F%2Fwww.w3.org%2F2000%2Fsvg%27%20width%3D%2748%27%20height%3D%2748%27%20viewBox%3D%270%200%2048%2048%27%3E%3Crect%20width%3D%2748%27%20height%3D%2748%27%20fill-opacity%3D%220%22%2F%3E%3C%2Fsvg%3E\" data-orig-src=\"https:\/\/appefis.org\/pt\/wp-content\/uploads\/2023\/01\/pdf2-icon.png\" alt=\"\" width=\"48\" height=\"48\" \/><\/a>]<\/li>\n<li>3.\u00ba Ciclo Ensino B\u00e1sico &#8211; Reajustamento &#8211; Organiza\u00e7\u00e3o Curricular e Programas [<a href=\"https:\/\/appefis.org\/pt\/wp-content\/uploads\/2023\/02\/eb_ef_programa_3c.pdf\" target=\"_blank\" rel=\"noopener\"><img decoding=\"async\" class=\"lazyload alignnone size-full wp-image-1962\" src=\"data:image\/svg+xml,%3Csvg%20xmlns%3D%27http%3A%2F%2Fwww.w3.org%2F2000%2Fsvg%27%20width%3D%2748%27%20height%3D%2748%27%20viewBox%3D%270%200%2048%2048%27%3E%3Crect%20width%3D%2748%27%20height%3D%2748%27%20fill-opacity%3D%220%22%2F%3E%3C%2Fsvg%3E\" data-orig-src=\"https:\/\/appefis.org\/pt\/wp-content\/uploads\/2023\/01\/pdf2-icon.png\" alt=\"\" width=\"48\" height=\"48\" \/><\/a>]<\/li>\n<li>Secund\u00e1rio &#8211; Forma\u00e7\u00e3o Geral Curos Cient\u00edfico-Human\u00edsticos [<a href=\"https:\/\/appefis.org\/pt\/wp-content\/uploads\/2023\/02\/ed_fisica_10_11_12.pdf\" target=\"_blank\" rel=\"noopener\"><img decoding=\"async\" class=\"lazyload alignnone size-full wp-image-1962\" src=\"data:image\/svg+xml,%3Csvg%20xmlns%3D%27http%3A%2F%2Fwww.w3.org%2F2000%2Fsvg%27%20width%3D%2748%27%20height%3D%2748%27%20viewBox%3D%270%200%2048%2048%27%3E%3Crect%20width%3D%2748%27%20height%3D%2748%27%20fill-opacity%3D%220%22%2F%3E%3C%2Fsvg%3E\" data-orig-src=\"https:\/\/appefis.org\/pt\/wp-content\/uploads\/2023\/01\/pdf2-icon.png\" alt=\"\" width=\"48\" height=\"48\" \/><\/a>]<\/li>\n<\/ul>\n<h4><strong>Aprendizagens Essenciais<\/strong><\/h4>\n<p>Nas escolas abrangidas pelo projeto de autonomia e flexibilidade curricular (PAFC), s\u00e3o utilizadas as Aprendizagens Essenciais nas turmas dos anos iniciais de ciclo (1.\u00ba, 5.\u00ba, 7.\u00ba anos de escolaridade), de n\u00edvel de ensino (10.\u00ba ano de escolaridade) e de 1.\u00ba ano de forma\u00e7\u00e3o de cursos organizados em ciclos de forma\u00e7\u00e3o.<br \/>\nAs\u00a0<strong>Aprendizagens Essenciais (AE)<\/strong>\u00a0s\u00e3o documentos de orienta\u00e7\u00e3o curricular base na planifica\u00e7\u00e3o, realiza\u00e7\u00e3o e avalia\u00e7\u00e3o do ensino e da aprendizagem, conducentes ao desenvolvimento das compet\u00eancias inscritas no\u00a0<a href=\"https:\/\/www.dge.mec.pt\/sites\/default\/files\/Curriculo\/Projeto_Autonomia_e_Flexibilidade\/perfil_dos_alunos.pdf\" target=\"_blank\" rel=\"noreferrer noopener\">Perfil dos alunos \u00e0 sa\u00edda da escolaridade obrigat\u00f3ria<\/a>\u00a0(PA).<br \/>\nPara cada ano e \u00e1rea disciplinar\/disciplina, as AE elencam os conhecimentos, as capacidades e atitudes a desenvolver por todos os alunos.<br \/>\n<strong>AE e outros Documentos Curriculares em vigor<\/strong><br \/>\nAs AE foram constru\u00eddas a partir dos documentos curriculares existentes (<a href=\"https:\/\/www.dge.mec.pt\/sites\/default\/files\/Curriculo\/Projeto_Autonomia_e_Flexibilidade\/quadro_sintese_documentos_curriculares.pdf\">quadro s\u00edntese<\/a>;\u00a0<a href=\"http:\/\/dge.mec.pt\/ensino-basico\">ensino b\u00e1sico<\/a>\/<a href=\"http:\/\/dge.mec.pt\/ensino-secundario\" target=\"_blank\" rel=\"noreferrer noopener\">ensino secund\u00e1rio<\/a>), que se mant\u00eam em vigor..<a href=\"https:\/\/www.dge.mec.pt\/sites\/default\/files\/Curriculo\/Projeto_Autonomia_e_Flexibilidade\/ae_documento_enquadrador.pdf\">Curr\u00edculo do ensino b\u00e1sico e do ensino secund\u00e1rio \u2013 para a constru\u00e7\u00e3o de aprendizagens essenciais baseadas no Perfil dos Alunos<\/a><a href=\"https:\/\/www.dge.mec.pt\/sites\/default\/files\/Curriculo\/Projeto_Autonomia_e_Flexibilidade\/cidadania_e_desenvolvimento.pdf\">Cidadania e Desenvolvimento<\/a><a href=\"http:\/\/www.dge.mec.pt\/aprendizagens-essenciais-ensino-basico\">AE | Ensino B\u00e1sico<\/a><a href=\"http:\/\/www.dge.mec.pt\/aprendizagens-essenciais-ensino-secundario\">AE | Ensino Secund\u00e1rio<\/a><\/p>\n<h4 class=\"post-title\">Programas Orientadores do Desporto Escolar<\/h4>\n<p>Programa Estrat\u00e9gico do Desporto Escolar 2021-2025 [<a href=\"https:\/\/desportoescolar.dge.medu.pt\/sites\/default\/files\/RepositorioDocumentos\/2021\/programaestrategicode20212025.pdf\" target=\"_blank\" rel=\"noopener\"><img decoding=\"async\" class=\"lazyload alignnone size-full wp-image-1962\" src=\"data:image\/svg+xml,%3Csvg%20xmlns%3D%27http%3A%2F%2Fwww.w3.org%2F2000%2Fsvg%27%20width%3D%2748%27%20height%3D%2748%27%20viewBox%3D%270%200%2048%2048%27%3E%3Crect%20width%3D%2748%27%20height%3D%2748%27%20fill-opacity%3D%220%22%2F%3E%3C%2Fsvg%3E\" data-orig-src=\"https:\/\/appefis.org\/pt\/wp-content\/uploads\/2023\/01\/pdf2-icon.png\" alt=\"\" width=\"48\" height=\"48\" \/><\/a>]\n<p>Regulamento Geral de Funcionamento do Desporto Escolar 2022-2023 [<a href=\"https:\/\/desportoescolar.dge.medu.pt\/sites\/default\/files\/RepositorioDocumentos\/2022\/regulamento-geral-funcionamento-do-desporto-escolar-22-23_0.pdf\" target=\"_blank\" rel=\"noopener\"><img decoding=\"async\" class=\"lazyload alignnone size-full wp-image-1962\" src=\"data:image\/svg+xml,%3Csvg%20xmlns%3D%27http%3A%2F%2Fwww.w3.org%2F2000%2Fsvg%27%20width%3D%2748%27%20height%3D%2748%27%20viewBox%3D%270%200%2048%2048%27%3E%3Crect%20width%3D%2748%27%20height%3D%2748%27%20fill-opacity%3D%220%22%2F%3E%3C%2Fsvg%3E\" data-orig-src=\"https:\/\/appefis.org\/pt\/wp-content\/uploads\/2023\/01\/pdf2-icon.png\" alt=\"\" width=\"48\" height=\"48\" \/><\/a>]\n<p>Regulamento de Provas e Competi\u00e7\u00f5es do Desporto Escolar 2022-2023 [<a href=\"https:\/\/desportoescolar.dge.medu.pt\/sites\/default\/files\/RepositorioDocumentos\/2022\/regulamento-provas-e-competicoes-do-desporto-escolar2223_1.pdf\" target=\"_blank\" rel=\"noopener\"><img decoding=\"async\" class=\"lazyload alignnone size-full wp-image-1962\" src=\"data:image\/svg+xml,%3Csvg%20xmlns%3D%27http%3A%2F%2Fwww.w3.org%2F2000%2Fsvg%27%20width%3D%2748%27%20height%3D%2748%27%20viewBox%3D%270%200%2048%2048%27%3E%3Crect%20width%3D%2748%27%20height%3D%2748%27%20fill-opacity%3D%220%22%2F%3E%3C%2Fsvg%3E\" data-orig-src=\"https:\/\/appefis.org\/pt\/wp-content\/uploads\/2023\/01\/pdf2-icon.png\" alt=\"\" width=\"48\" height=\"48\" \/><\/a>]\n<\/div><div class=\"nav fusion-mobile-tab-nav\"><ul class=\"nav-tabs nav-justified\" role=\"tablist\"><li role=\"presentation\"><a class=\"tab-link\" data-toggle=\"tab\" role=\"tab\" aria-controls=\"tab-cb853c5115ef0b138f5\" aria-selected=\"false\" tabindex=\"-1\" id=\"mobile-fusion-tab-produtoscient\u00edficos\" href=\"#tab-cb853c5115ef0b138f5\"><h6 class=\"fusion-tab-heading\">Produtos Cient\u00edficos<\/h6><\/a><\/li><\/ul><\/div><div class=\"tab-pane fade fusion-clearfix\" role=\"tabpanel\" tabindex=\"0\" aria-labelledby=\"fusion-tab-produtoscient\u00edficos\" id=\"tab-cb853c5115ef0b138f5\">\n<p><span style=\"font-weight: 400;\">Conhecimento (artigos cient\u00edficos, teses de mestrado e de doutoramento, entre outros)<\/span><\/p>\n<ul>\n<li><a href=\"https:\/\/appefis.org\/pt\/wp-content\/uploads\/2023\/02\/ar1_2011_tenis_GPAI.pdf\" data-saferedirecturl=\"https:\/\/www.google.com\/url?q=https:\/\/appefis.org\/pt\/wp-content\/uploads\/2023\/02\/ar1_2011_tenis_GPAI.pdf&amp;source=gmail&amp;ust=1678213919737000&amp;usg=AOvVaw2F-wBiskKUsT-45VhTJ9N_\">Pre-Service Physical Education Teachers\u2019 Implementation of \u201cTGfU Tennis\u201d: Assessing Elementary Students\u2019 Game Play Using the GPAI<\/a><\/li>\n<li><a href=\"https:\/\/appefis.org\/pt\/wp-content\/uploads\/2023\/02\/ar7_Graca_Mesquita_2002_JCD.pdf\" data-saferedirecturl=\"https:\/\/www.google.com\/url?q=https:\/\/appefis.org\/pt\/wp-content\/uploads\/2023\/02\/ar7_Graca_Mesquita_2002_JCD.pdf&amp;source=gmail&amp;ust=1678213919737000&amp;usg=AOvVaw3e7KEzpuf9c7OGlx-PQtUq\">A investiga\u00e7\u00e3o sobre o ensino dos jogos desportivos: ensinar e aprender as habilidades b\u00e1sicas do jogo<\/a><\/li>\n<li><a href=\"https:\/\/appefis.org\/pt\/wp-content\/uploads\/2023\/02\/ar8_Pombo_importante.pdf\" data-saferedirecturl=\"https:\/\/www.google.com\/url?q=https:\/\/appefis.org\/pt\/wp-content\/uploads\/2023\/02\/ar8_Pombo_importante.pdf&amp;source=gmail&amp;ust=1678213919737000&amp;usg=AOvVaw1aJsYOyuP1oqB7kQ-CutAG\">Epistemologia da Interdisciplinaridade<\/a><\/li>\n<li><a href=\"https:\/\/appefis.org\/pt\/wp-content\/uploads\/2023\/02\/ar4_EU-JER_10_1_353_Mendes_2021.pdf\" data-saferedirecturl=\"https:\/\/www.google.com\/url?q=https:\/\/appefis.org\/pt\/wp-content\/uploads\/2023\/02\/ar4_EU-JER_10_1_353_Mendes_2021.pdf&amp;source=gmail&amp;ust=1678213919737000&amp;usg=AOvVaw1JqpAcURR5RvtB2V33dUmF\">Extended School Time: Impact on Learning and Teaching<\/a><\/li>\n<li><a href=\"https:\/\/appefis.org\/pt\/wp-content\/uploads\/2023\/02\/ar6_Graca_importante.pdf\" data-saferedirecturl=\"https:\/\/www.google.com\/url?q=https:\/\/appefis.org\/pt\/wp-content\/uploads\/2023\/02\/ar6_Graca_importante.pdf&amp;source=gmail&amp;ust=1678213919737000&amp;usg=AOvVaw2MgOmCB8Z8VGqtt0TjbTyn\">A Dosagem da Dist\u00e2ncia \u2013 deixe o possuidor da bola respirar para o jogo poder evoluir<\/a><\/li>\n<\/ul>\n<\/div><div class=\"nav fusion-mobile-tab-nav\"><ul class=\"nav-tabs nav-justified\" role=\"tablist\"><li role=\"presentation\"><a class=\"tab-link\" data-toggle=\"tab\" role=\"tab\" aria-controls=\"tab-8322cd149c51aa899f1\" aria-selected=\"false\" tabindex=\"-1\" id=\"mobile-fusion-tab-pr\u00e1ticasinspiradoras\" href=\"#tab-8322cd149c51aa899f1\"><h6 class=\"fusion-tab-heading\">Pr\u00e1ticas Inspiradoras<\/h6><\/a><\/li><\/ul><\/div><div class=\"tab-pane fade fusion-clearfix\" role=\"tabpanel\" tabindex=\"0\" aria-labelledby=\"fusion-tab-pr\u00e1ticasinspiradoras\" id=\"tab-8322cd149c51aa899f1\">\n<p><span style=\"font-weight: 400;\">Exemplos de boas pr\u00e1ticas (evid\u00eancias de pr\u00e1ticas relevantes e com significado educativo realizadas nas escolas)<\/span><\/p>\n<ul>\n<li><a href=\"https:\/\/appefis.org\/pt\/wp-content\/uploads\/2023\/02\/ar2_artigo_RPP_2017_Mendes_etal.pdf\" data-saferedirecturl=\"https:\/\/www.google.com\/url?q=https:\/\/appefis.org\/pt\/wp-content\/uploads\/2023\/02\/ar2_artigo_RPP_2017_Mendes_etal.pdf&amp;source=gmail&amp;ust=1678213919737000&amp;usg=AOvVaw10xqwy1Q5NaulW_6CaKdPY\">Pr\u00e1ticas intergeracionais e interdisciplinares na Educa\u00e7\u00e3o. Um exemplo pr\u00e1tico no Ensino B\u00e1sico<\/a><\/li>\n<li><a href=\"https:\/\/appefis.org\/pt\/wp-content\/uploads\/2023\/02\/ar9_RPP_2018_Mendes_et_al.pdf\" data-saferedirecturl=\"https:\/\/www.google.com\/url?q=https:\/\/appefis.org\/pt\/wp-content\/uploads\/2023\/02\/ar9_RPP_2018_Mendes_et_al.pdf&amp;source=gmail&amp;ust=1678213919737000&amp;usg=AOvVaw0EMwr5q7Dk6R8CgDJ-L9fv\">Projeto de Escola a Tempo Inteiro para o 6.\u00baAno de Escolaridade: \u201cO Pirata do Ulisses\u201d<\/a><\/li>\n<li><a href=\"https:\/\/appefis.org\/pt\/wp-content\/uploads\/2023\/02\/ar5_Exedra_EIPE2019.pdf\" data-saferedirecturl=\"https:\/\/www.google.com\/url?q=https:\/\/appefis.org\/pt\/wp-content\/uploads\/2023\/02\/ar5_Exedra_EIPE2019.pdf&amp;source=gmail&amp;ust=1678213919737000&amp;usg=AOvVaw2EWvODRAQrIzLEbPZqi0YW\">\u201cA trupe do mar em andan\u00e7as pela escola\u201d \u2013 Um Projeto interdisciplinar e intergeracional no 2.\u00ba Ciclo do Ensino B\u00e1sico<\/a><\/li>\n<li><\/li>\n<\/ul>\n<\/div><div class=\"nav fusion-mobile-tab-nav\"><ul class=\"nav-tabs nav-justified\" role=\"tablist\"><li role=\"presentation\"><a class=\"tab-link\" data-toggle=\"tab\" role=\"tab\" aria-controls=\"tab-785bec390aacd31c731\" aria-selected=\"false\" tabindex=\"-1\" id=\"mobile-fusion-tab-pr\u00e1ticaprofissional\" href=\"#tab-785bec390aacd31c731\"><h6 class=\"fusion-tab-heading\">Pr\u00e1tica Profissional<\/h6><\/a><\/li><\/ul><\/div><div class=\"tab-pane fade fusion-clearfix\" role=\"tabpanel\" tabindex=\"0\" aria-labelledby=\"fusion-tab-pr\u00e1ticaprofissional\" id=\"tab-785bec390aacd31c731\">\n<p><strong>Atividade F\u00edsica e Desportiva<\/strong><\/p>\n<p>A Atividade F\u00edsica e Desportiva (AFD) incide no 1.\u00ba ciclo do ensino b\u00e1sico, no \u00e2mbito das AEC (Atividades de Enriquecimento Curricular). A AFD n\u00e3o \u00e9 curr\u00edculo oficial; logo, n\u00e3o substitui a necessidade legal de implementar a EF curricular (que tem um Programa oficial). Portanto, a AFD n\u00e3o \u00e9 a Educa\u00e7\u00e3o F\u00edsica, ou a outrora designada Express\u00e3o e Educa\u00e7\u00e3o F\u00edsico-Motora.<\/p>\n<p>As AEC s\u00e3o atividades de car\u00e1cter facultativo e de natureza eminentemente l\u00fadica, formativa e cultural que incidem, nomeadamente, nos dom\u00ednios desportivo, art\u00edstico, cient\u00edfico e tecnol\u00f3gico, de liga\u00e7\u00e3o da escola com o meio, de solidariedade e voluntariado e da dimens\u00e3o europeia da educa\u00e7\u00e3o;<\/p>\n<p>As orienta\u00e7\u00f5es oficiais para concretiza\u00e7\u00e3o da AFD podem ser vistas aqui: [<a href=\"http:\/\/www.dge.mec.pt\/sites\/default\/files\/Basico\/AEC\/ativ_fisica_desportiva.pdf\" target=\"_blank\" rel=\"noopener\"><img decoding=\"async\" class=\"lazyload alignnone size-full wp-image-1962\" src=\"data:image\/svg+xml,%3Csvg%20xmlns%3D%27http%3A%2F%2Fwww.w3.org%2F2000%2Fsvg%27%20width%3D%2748%27%20height%3D%2748%27%20viewBox%3D%270%200%2048%2048%27%3E%3Crect%20width%3D%2748%27%20height%3D%2748%27%20fill-opacity%3D%220%22%2F%3E%3C%2Fsvg%3E\" data-orig-src=\"https:\/\/appefis.org\/pt\/wp-content\/uploads\/2023\/01\/pdf2-icon.png\" alt=\"\" width=\"48\" height=\"48\" \/><\/a>]\n<ul style=\"font-weight: 400;\">\n<li><a href=\"https:\/\/appefis.org\/pt\/wp-content\/uploads\/2023\/02\/ar3_EIPE2022_-capitulo_Pereira_Mendes_Leandro.pdf\" data-saferedirecturl=\"https:\/\/www.google.com\/url?q=https:\/\/appefis.org\/pt\/wp-content\/uploads\/2023\/02\/ar3_EIPE2022_-capitulo_Pereira_Mendes_Leandro.pdf&amp;source=gmail&amp;ust=1678213919737000&amp;usg=AOvVaw3dUpagGUW29PZqgqfaIGfd\">As potencialidades da Educa\u00e7\u00e3o F\u00edsica enquanto promotora da interdisciplinaridade em contexto Natureza<\/a><\/li>\n<\/ul>\n<\/div><\/div><\/div><a class=\"fusion-one-page-text-link\" href=\"Recursos Reservados aos Associados\">\n<p><a><img class=\"lazyload\" decoding=\"async\" src=\"data:image\/svg+xml,%3Csvg%20xmlns%3D%27http%3A%2F%2Fwww.w3.org%2F2000%2Fsvg%27%20width%3D%27128%27%20height%3D%27128%27%20viewBox%3D%270%200%20128%20128%27%3E%3Crect%20width%3D%27128%27%20height%3D%27128%27%20fill-opacity%3D%220%22%2F%3E%3C%2Fsvg%3E\" data-orig-src=\"https:\/\/appefis.org\/pt\/wp-content\/uploads\/2023\/05\/folder-red-locked-icon.png\" width=\"128\" height=\"128\" \/><\/a><\/p>\n<p><a href=\"https:\/\/appefis.org\/pt\/2023\/05\/04\/recursosreservadosaosassociados\/\">Recursos Reservados aos Associados [clicar aqui]<\/a><\/p>\n<\/a><\/div><\/div><\/div><\/div><\/p>\n","protected":false},"excerpt":{"rendered":"","protected":false},"author":1,"featured_media":0,"parent":0,"menu_order":0,"comment_status":"closed","ping_status":"closed","template":"100-width.php","meta":{"footnotes":""},"folder":[],"class_list":["post-8","page","type-page","status-publish","hentry"],"_links":{"self":[{"href":"https:\/\/appefis.org\/pt\/wp-json\/wp\/v2\/pages\/8","targetHints":{"allow":["GET"]}}],"collection":[{"href":"https:\/\/appefis.org\/pt\/wp-json\/wp\/v2\/pages"}],"about":[{"href":"https:\/\/appefis.org\/pt\/wp-json\/wp\/v2\/types\/page"}],"author":[{"embeddable":true,"href":"https:\/\/appefis.org\/pt\/wp-json\/wp\/v2\/users\/1"}],"replies":[{"embeddable":true,"href":"https:\/\/appefis.org\/pt\/wp-json\/wp\/v2\/comments?post=8"}],"version-history":[{"count":45,"href":"https:\/\/appefis.org\/pt\/wp-json\/wp\/v2\/pages\/8\/revisions"}],"predecessor-version":[{"id":2368,"href":"https:\/\/appefis.org\/pt\/wp-json\/wp\/v2\/pages\/8\/revisions\/2368"}],"wp:attachment":[{"href":"https:\/\/appefis.org\/pt\/wp-json\/wp\/v2\/media?parent=8"}],"wp:term":[{"taxonomy":"folder","embeddable":true,"href":"https:\/\/appefis.org\/pt\/wp-json\/wp\/v2\/folder?post=8"}],"curies":[{"name":"wp","href":"https:\/\/api.w.org\/{rel}","templated":true}]}}